{"id":2,"date":"2021-05-30T14:08:16","date_gmt":"2021-05-30T13:08:16","guid":{"rendered":"https:\/\/workout.wordifysites.com\/?page_id=2"},"modified":"2025-12-11T18:40:02","modified_gmt":"2025-12-11T18:40:02","slug":"home","status":"publish","type":"page","link":"https:\/\/dariogym.es\/es\/","title":{"rendered":"Hombre"},"content":{"rendered":"<section class=\"gb-element-c03c802c\">\n<div class=\"gb-element-cf6a1d98\">\n<p class=\"gb-text gb-text-c7a4c0f7\">Tu estudio de fitness<\/p>\n\n\n\n<h1 class=\"gb-text gb-text-2e50a072\">Reestructura tu cuerpo<\/h1>\n\n\n\n<div class=\"gb-element-6e2ee331\">\n<div class=\"gb-element-b1344fc0\">\n<div>\n<img loading=\"lazy\" decoding=\"async\" width=\"1024\" height=\"1024\" class=\"gb-media-b15bc877\" alt=\"\" src=\"https:\/\/dariogym.es\/wp-content\/uploads\/2025\/12\/Dario-Gym-goody.png\" title=\"Dario Gym goody\" srcset=\"https:\/\/dariogym.es\/wp-content\/uploads\/2025\/12\/Dario-Gym-goody.png 1024w, https:\/\/dariogym.es\/wp-content\/uploads\/2025\/12\/Dario-Gym-goody-300x300.png 300w, https:\/\/dariogym.es\/wp-content\/uploads\/2025\/12\/Dario-Gym-goody-150x150.png 150w, https:\/\/dariogym.es\/wp-content\/uploads\/2025\/12\/Dario-Gym-goody-768x768.png 768w, https:\/\/dariogym.es\/wp-content\/uploads\/2025\/12\/Dario-Gym-goody-12x12.png 12w\" sizes=\"auto, (max-width: 1024px) 100vw, 1024px\" \/>\n<\/div>\n\n\n\n<div class=\"gb-element-f92b9767\">\n<p class=\"has-contrast-color has-text-color has-link-color wp-elements-dac6a66ea427c0586250a671496e2da7\" style=\"font-size:22px;font-style:normal;font-weight:700\">Si te inscribes ahora, no pagas matr\u00edcula:<br>4 meses por 195 \u20ac, el mes de febrero gratuito y, adem\u00e1s, un regalo \ud83c\udf81<\/p>\n<\/div>\n<\/div>\n<\/div>\n\n\n\n<div class=\"gb-element-6fbb839e\">\n<a class=\"gb-text gb-text-0b48ae42\" href=\"https:\/\/dariogym.es\/es\/uneix-te-ara\/\">\u00danete ahora<\/a>\n<\/div>\n<\/div>\n<\/section>\n\n\n\n<section class=\"gb-element-2c8d9d84\">\n<h2 class=\"gb-text-fb607bc5\"><span class=\"gb-shape\"><svg viewbox=\"0 0 218.28 17.62\" xmlns=\"http:\/\/www.w3.org\/2000\/svg\" data-name=\"Capa 1\"><path d=\"M0 0h217.92v17.62H0z\"><\/path><\/svg><\/span><span class=\"gb-text\">DARIO GYM<\/span><\/h2>\n\n\n\n<div class=\"gb-element-831dba9e\">\n<div class=\"gb-element-f71abb8f\">\n<img loading=\"lazy\" decoding=\"async\" width=\"1920\" height=\"1280\" class=\"gb-media-deec9fe9\" src=\"https:\/\/dariogym.es\/wp-content\/uploads\/2022\/04\/danielle-cerullo-CQfNt66ttZM-unsplash.jpg\" title=\"danielle-cerullo-CQfNt66ttZM-unsplash\" alt=\"\" srcset=\"https:\/\/dariogym.es\/wp-content\/uploads\/2022\/04\/danielle-cerullo-CQfNt66ttZM-unsplash.jpg 1920w, https:\/\/dariogym.es\/wp-content\/uploads\/2022\/04\/danielle-cerullo-CQfNt66ttZM-unsplash-300x200.jpg 300w, https:\/\/dariogym.es\/wp-content\/uploads\/2022\/04\/danielle-cerullo-CQfNt66ttZM-unsplash-1024x683.jpg 1024w, https:\/\/dariogym.es\/wp-content\/uploads\/2022\/04\/danielle-cerullo-CQfNt66ttZM-unsplash-768x512.jpg 768w, https:\/\/dariogym.es\/wp-content\/uploads\/2022\/04\/danielle-cerullo-CQfNt66ttZM-unsplash-1536x1024.jpg 1536w\" sizes=\"auto, (max-width: 1920px) 100vw, 1920px\" \/>\n\n\n\n<h3 class=\"gb-text gb-text-901b0a6f\">FITNESS<\/h3>\n\n\n\n<p class=\"gb-text gb-text-b6d01e69\">Entrenamientos adaptados a todos los niveles para mejorar la fuerza, la resistencia y la salud general.<\/p>\n<\/div>\n\n\n\n<div class=\"gb-element-d037658c\">\n<img loading=\"lazy\" decoding=\"async\" width=\"1920\" height=\"1281\" class=\"gb-media-047ae16e\" src=\"https:\/\/dariogym.es\/wp-content\/uploads\/2022\/03\/chu-gummies-QTlIj7XtU4-unsplash.jpg\" title=\"chu-gummies--QTlIj7XtU4-unsplash\" alt=\"\" srcset=\"https:\/\/dariogym.es\/wp-content\/uploads\/2022\/03\/chu-gummies-QTlIj7XtU4-unsplash.jpg 1920w, https:\/\/dariogym.es\/wp-content\/uploads\/2022\/03\/chu-gummies-QTlIj7XtU4-unsplash-300x200.jpg 300w, https:\/\/dariogym.es\/wp-content\/uploads\/2022\/03\/chu-gummies-QTlIj7XtU4-unsplash-1024x683.jpg 1024w, https:\/\/dariogym.es\/wp-content\/uploads\/2022\/03\/chu-gummies-QTlIj7XtU4-unsplash-768x512.jpg 768w, https:\/\/dariogym.es\/wp-content\/uploads\/2022\/03\/chu-gummies-QTlIj7XtU4-unsplash-1536x1025.jpg 1536w\" sizes=\"auto, (max-width: 1920px) 100vw, 1920px\" \/>\n\n\n\n<h3 class=\"gb-text gb-text-88ca2786\">PROTEIN BAR<\/h3>\n\n\n\n<p class=\"gb-text gb-text-18222e02\">Recuperaci\u00f3n \u00f3ptima post-entrenamiento con bebidas y suplementos saludables.<\/p>\n<\/div>\n\n\n\n<div class=\"gb-element-e0b8a8d1\">\n<img loading=\"lazy\" decoding=\"async\" width=\"1200\" height=\"801\" class=\"gb-media-1659aaa3\" src=\"https:\/\/dariogym.es\/wp-content\/uploads\/2025\/11\/HIGH327838_946133.jpg\" title=\"FRENCH+TYE ARCHITECTURAL &amp; INTERIOR PHOTOGRAPHY\" alt=\"\" srcset=\"https:\/\/dariogym.es\/wp-content\/uploads\/2025\/11\/HIGH327838_946133.jpg 1200w, https:\/\/dariogym.es\/wp-content\/uploads\/2025\/11\/HIGH327838_946133-300x200.jpg 300w, https:\/\/dariogym.es\/wp-content\/uploads\/2025\/11\/HIGH327838_946133-1024x684.jpg 1024w, https:\/\/dariogym.es\/wp-content\/uploads\/2025\/11\/HIGH327838_946133-768x513.jpg 768w, https:\/\/dariogym.es\/wp-content\/uploads\/2025\/11\/HIGH327838_946133-18x12.jpg 18w\" sizes=\"auto, (max-width: 1200px) 100vw, 1200px\" \/>\n\n\n\n<h3 class=\"gb-text gb-text-6bfb7c64\">SAUNA<\/h3>\n\n\n\n<p class=\"gb-text gb-text-22bf1806\">Relajaci\u00f3n y bienestar para acelerar la recuperaci\u00f3n muscular.<\/p>\n<\/div>\n<\/div>\n<\/section>\n\n\n\n<section class=\"gb-element-88bbdcfe\">\n<div class=\"gb-element-b7a60bc5\">\n<div class=\"gb-element-ccc91616\">\n<h2 class=\"gb-text gb-text-f5027235\">01<\/h2>\n\n\n\n<h3 class=\"gb-text gb-text-271eb8d2\">Inicia<\/h3>\n\n\n\n<p class=\"gb-text\">Empieza tu camino hacia el cambio. En Dario Gym te acompa\u00f1amos desde el primer d\u00eda con una planificaci\u00f3n adaptada a ti.<\/p>\n\n\n\n<a class=\"gb-text-268707d2\" href=\"https:\/\/sites.generatepress.com\/workout\/classes\/\"><span class=\"gb-shape\"><svg viewbox=\"0 0 227.096 227.096\" xmlns=\"http:\/\/www.w3.org\/2000\/svg\"><path d=\"m152.835 39.285-5.902 5.898 64.18 64.19H0v8.35h211.124l-64.191 64.179 5.902 5.909 74.261-74.261z\"><\/path><\/svg><\/span><\/a>\n<\/div>\n\n\n\n<div class=\"gb-element-ee09af91\">\n<h2 class=\"gb-text gb-text-056eab9f\">02<\/h2>\n\n\n\n<h3 class=\"gb-text gb-text-b9833607\">Entrena<\/h3>\n\n\n\n<p class=\"gb-text\">Trabaja con intensidad y disciplina con el soporte de nuestro equipo profesional. Cada sesi\u00f3n es una oportunidad para avanzar.<\/p>\n\n\n\n<a class=\"gb-text-7e5c5f48\" href=\"https:\/\/sites.generatepress.com\/workout\/classes\/\"><span class=\"gb-shape\"><svg viewbox=\"0 0 227.096 227.096\" xmlns=\"http:\/\/www.w3.org\/2000\/svg\"><path d=\"m152.835 39.285-5.902 5.898 64.18 64.19H0v8.35h211.124l-64.191 64.179 5.902 5.909 74.261-74.261z\"><\/path><\/svg><\/span><\/a>\n<\/div>\n\n\n\n<div class=\"gb-element-6467bb61\">\n<h2 class=\"gb-text gb-text-39be2b69\">03<\/h2>\n\n\n\n<h3 class=\"gb-text gb-text-06c759b2\">Disfruta<\/h3>\n\n\n\n<p class=\"gb-text\">Siente los resultados y vive el cambio. M\u00e1s salud, m\u00e1s energ\u00eda, m\u00e1s autoestima.<\/p>\n\n\n\n<a class=\"gb-text-d25fe322\" href=\"https:\/\/sites.generatepress.com\/workout\/classes\/\"><span class=\"gb-shape\"><svg viewbox=\"0 0 227.096 227.096\" xmlns=\"http:\/\/www.w3.org\/2000\/svg\"><path d=\"m152.835 39.285-5.902 5.898 64.18 64.19H0v8.35h211.124l-64.191 64.179 5.902 5.909 74.261-74.261z\"><\/path><\/svg><\/span><\/a>\n<\/div>\n<\/div>\n<\/section>\n\n\n\n<section class=\"gb-element-0daae786\">\n<img loading=\"lazy\" decoding=\"async\" width=\"987\" height=\"1280\" class=\"gb-media-35b91c79\" src=\"https:\/\/dariogym.es\/wp-content\/uploads\/2025\/11\/IMG-20251110-WA0006.jpg\" title=\"IMG-20251110-WA0006\" alt=\"\" srcset=\"https:\/\/dariogym.es\/wp-content\/uploads\/2025\/11\/IMG-20251110-WA0006.jpg 987w, https:\/\/dariogym.es\/wp-content\/uploads\/2025\/11\/IMG-20251110-WA0006-231x300.jpg 231w, https:\/\/dariogym.es\/wp-content\/uploads\/2025\/11\/IMG-20251110-WA0006-790x1024.jpg 790w, https:\/\/dariogym.es\/wp-content\/uploads\/2025\/11\/IMG-20251110-WA0006-768x996.jpg 768w\" sizes=\"auto, (max-width: 987px) 100vw, 987px\" \/>\n\n\n\n<div class=\"gb-element-1f729f01\">\n<h2 class=\"gb-text-cdab94e9\"><span class=\"gb-shape\"><svg viewbox=\"0 0 218.28 17.62\" xmlns=\"http:\/\/www.w3.org\/2000\/svg\" data-name=\"Capa 1\"><path d=\"M0 0h217.92v17.62H0z\"><\/path><\/svg><\/span><span class=\"gb-text\">Nuestras instalaciones<\/span><\/h2>\n\n\n\n<p class=\"gb-text gb-text-0d7e2a4b\">Centro moderno con zonas diferenciadas de entrenamiento, espacios funcionales y \u00e1reas de recuperaci\u00f3n. Dise\u00f1ado para maximizar el rendimiento y garantizar su comodidad.<\/p>\n\n\n\n<a class=\"gb-text-24ef3160\" href=\"https:\/\/dariogym.es\/es\/uneix-te-ara\/\"><span class=\"gb-text\">\u00danete ahora<\/span><span class=\"gb-shape\"><svg viewbox=\"0 0 247 165\" xmlns=\"http:\/\/www.w3.org\/2000\/svg\" data-name=\"Capa 1\"><path d=\"M33 0H0l66 82-66 83h33l66-83L33 0z\"><\/path><path d=\"M83 0H50l66 82-66 83h33l66-83L83 0z\"><\/path><path d=\"M181 0H99l66 82-66 83h82l66-83-66-82z\"><\/path><\/svg><\/span><\/a>\n<\/div>\n<\/section>\n\n\n\n<section class=\"gb-element-35f557de\">\n<div class=\"gb-element-dd00a799\">\n<h2 class=\"gb-text-d2a1accc\"><span class=\"gb-shape\"><svg viewbox=\"0 0 218.28 17.62\" xmlns=\"http:\/\/www.w3.org\/2000\/svg\" data-name=\"Capa 1\"><path d=\"M0 0h217.92v17.62H0z\"><\/path><\/svg><\/span><span class=\"gb-text\"><strong>Atm\u00f3sfera motivadora<\/strong><\/span><\/h2>\n\n\n\n<p class=\"gb-text gb-text-f0356ce3\">Un entorno creado para que entrenar sea una experiencia estimulante, con m\u00fasica energ\u00e9tica, iluminaci\u00f3n adecuada y zonas dise\u00f1adas para potenciar la concentraci\u00f3n. En Dario Gym encontrar\u00e1s un espacio donde sentirte c\u00f3modo, conectar con tu rutina y mantener la motivaci\u00f3n elevada todos los d\u00edas.<\/p>\n\n\n\n<a class=\"gb-text-78f6ba76\" href=\"https:\/\/dariogym.es\/es\/uneix-te-ara\/\"><span class=\"gb-text\">\u00danete ahora<\/span><span class=\"gb-shape\"><svg viewbox=\"0 0 247 165\" xmlns=\"http:\/\/www.w3.org\/2000\/svg\" data-name=\"Capa 1\"><path d=\"M33 0H0l66 82-66 83h33l66-83L33 0z\"><\/path><path d=\"M83 0H50l66 82-66 83h33l66-83L83 0z\"><\/path><path d=\"M181 0H99l66 82-66 83h82l66-83-66-82z\"><\/path><\/svg><\/span><\/a>\n<\/div>\n\n\n\n<img loading=\"lazy\" decoding=\"async\" width=\"987\" height=\"1280\" class=\"gb-media-ee370da3\" src=\"https:\/\/dariogym.es\/wp-content\/uploads\/2025\/11\/IMG-20251110-WA0007.jpg\" title=\"IMG-20251110-WA0007\" alt=\"\" srcset=\"https:\/\/dariogym.es\/wp-content\/uploads\/2025\/11\/IMG-20251110-WA0007.jpg 987w, https:\/\/dariogym.es\/wp-content\/uploads\/2025\/11\/IMG-20251110-WA0007-231x300.jpg 231w, https:\/\/dariogym.es\/wp-content\/uploads\/2025\/11\/IMG-20251110-WA0007-790x1024.jpg 790w, https:\/\/dariogym.es\/wp-content\/uploads\/2025\/11\/IMG-20251110-WA0007-768x996.jpg 768w\" sizes=\"auto, (max-width: 987px) 100vw, 987px\" \/>\n<\/section>\n\n\n\n<section class=\"gb-element-eb3f0947\">\n<div class=\"gb-element-0c708178\">\n<p class=\"gb-text gb-text-1e63e5da\">Alcanzar lo imposible<\/p>\n\n\n\n<p class=\"gb-text gb-text-f42c5c22\"><mark class=\"gb-highlight\"><strong><mark style=\"background-color:rgba(0, 0, 0, 0)\" class=\"has-inline-color has-accent-color\">WORKOUT<\/mark><\/strong><\/mark> Entrenamientos pensados para transformar tu cuerpo y mente.<\/p>\n\n\n\n<p class=\"gb-text-982fff39\"><span class=\"gb-shape\"><svg aria-hidden=\"true\" role=\"img\" height=\"1em\" width=\"1em\" viewbox=\"0 0 448 512\" xmlns=\"http:\/\/www.w3.org\/2000\/svg\"><path fill=\"currentColor\" d=\"M400 32H48C21.49 32 0 53.49 0 80v352c0 26.51 21.49 48 48 48h352c26.51 0 48-21.49 48-48V80c0-26.51-21.49-48-48-48zm0 400H48V80h352v352zm-35.864-241.724L191.547 361.48c-4.705 4.667-12.303 4.637-16.97-.068l-90.781-91.516c-4.667-4.705-4.637-12.303.069-16.971l22.719-22.536c4.705-4.667 12.303-4.637 16.97.069l59.792 60.277 141.352-140.216c4.705-4.667 12.303-4.637 16.97.068l22.536 22.718c4.667 4.706 4.637 12.304-.068 16.971z\"><\/path><\/svg><\/span><span class=\"gb-text\">Aumenta los niveles de energ\u00eda<\/span><\/p>\n\n\n\n<p class=\"gb-text-ac97fcd2\"><span class=\"gb-shape\"><svg aria-hidden=\"true\" role=\"img\" height=\"1em\" width=\"1em\" viewbox=\"0 0 448 512\" xmlns=\"http:\/\/www.w3.org\/2000\/svg\"><path fill=\"currentColor\" d=\"M400 32H48C21.49 32 0 53.49 0 80v352c0 26.51 21.49 48 48 48h352c26.51 0 48-21.49 48-48V80c0-26.51-21.49-48-48-48zm0 400H48V80h352v352zm-35.864-241.724L191.547 361.48c-4.705 4.667-12.303 4.637-16.97-.068l-90.781-91.516c-4.667-4.705-4.637-12.303.069-16.971l22.719-22.536c4.705-4.667 12.303-4.637 16.97.069l59.792 60.277 141.352-140.216c4.705-4.667 12.303-4.637 16.97.068l22.536 22.718c4.667 4.706 4.637 12.304-.068 16.971z\"><\/path><\/svg><\/span><span class=\"gb-text\">Reduce grasa corporal<\/span><\/p>\n\n\n\n<p class=\"gb-text-14eef828\"><span class=\"gb-shape\"><svg aria-hidden=\"true\" role=\"img\" height=\"1em\" width=\"1em\" viewbox=\"0 0 448 512\" xmlns=\"http:\/\/www.w3.org\/2000\/svg\"><path fill=\"currentColor\" d=\"M400 32H48C21.49 32 0 53.49 0 80v352c0 26.51 21.49 48 48 48h352c26.51 0 48-21.49 48-48V80c0-26.51-21.49-48-48-48zm0 400H48V80h352v352zm-35.864-241.724L191.547 361.48c-4.705 4.667-12.303 4.637-16.97-.068l-90.781-91.516c-4.667-4.705-4.637-12.303.069-16.971l22.719-22.536c4.705-4.667 12.303-4.637 16.97.069l59.792 60.277 141.352-140.216c4.705-4.667 12.303-4.637 16.97.068l22.536 22.718c4.667 4.706 4.637 12.304-.068 16.971z\"><\/path><\/svg><\/span><span class=\"gb-text\">Mejora la movilidad<\/span><\/p>\n\n\n\n<p class=\"gb-text-66e435eb\"><span class=\"gb-shape\"><svg aria-hidden=\"true\" role=\"img\" height=\"1em\" width=\"1em\" viewbox=\"0 0 448 512\" xmlns=\"http:\/\/www.w3.org\/2000\/svg\"><path fill=\"currentColor\" d=\"M400 32H48C21.49 32 0 53.49 0 80v352c0 26.51 21.49 48 48 48h352c26.51 0 48-21.49 48-48V80c0-26.51-21.49-48-48-48zm0 400H48V80h352v352zm-35.864-241.724L191.547 361.48c-4.705 4.667-12.303 4.637-16.97-.068l-90.781-91.516c-4.667-4.705-4.637-12.303.069-16.971l22.719-22.536c4.705-4.667 12.303-4.637 16.97.069l59.792 60.277 141.352-140.216c4.705-4.667 12.303-4.637 16.97.068l22.536 22.718c4.667 4.706 4.637 12.304-.068 16.971z\"><\/path><\/svg><\/span><span class=\"gb-text\">Optimiza el equilibrio<\/span><\/p>\n<\/div>\n\n\n\n<div class=\"gb-element-3b0e96f8\">\n<div class=\"gb-element-e6e7a91c\">\n<div>\n<h3 class=\"gb-text-0256fdd2\"><span class=\"gb-shape\"><svg viewbox=\"0 0 363.868 363.868\" xmlns=\"http:\/\/www.w3.org\/2000\/svg\"><path d=\"M92.723 274.945c-3.178 3.178-5.747 9.388-5.747 13.875v58.444h33.929v-92.373c0-4.487-2.569-5.56-5.747-2.382l-22.435 22.436zM241.752 219.573c-3.17 3.178-5.747 9.389-5.747 13.884v113.816h33.929V199.487c0-4.487-2.569-5.552-5.747-2.374l-22.435 22.46zM291.418 169.834c-3.178 3.17-5.755 9.38-5.755 13.867v163.563h31.547V152.212c0-4.487-2.577-5.56-5.755-2.382l-20.037 20.004zM193.078 268.239s-1.512 1.52-3.381 3.39c-1.861 1.87-3.373 7.031-3.373 11.518v64.118h33.929v-98.047c0-4.487-2.577-5.56-5.755-2.382l-21.42 21.403zM142.405 250.998c-3.178-3.17-5.755-2.105-5.755 2.382v93.885h33.929v-60.03c0-4.487-2.439-10.559-5.454-13.558l-5.454-5.43-17.266-17.249zM50.023 317.669l-10.957 10.974c-3.17 3.178-5.739 8.633-5.739 12.193v6.438h37.871V304.59c0-4.487-2.569-5.552-5.747-2.374l-15.428 15.453z\"><\/path><path d=\"M358.121 150.724c3.17 3.178 5.747 2.105 5.747-2.382V32.193c0-8.316-7.966-15.599-16.233-15.599H232.16c-4.487 0-5.56 2.577-2.382 5.755l41.074 41.106-16.753 16.68-77.701 77.774L135.3 116.82c-3.178-3.178-8.316-3.17-11.494 0L9.519 231.189c-12.697 12.705-12.689 33.295.008 45.991l.797.805c12.697 12.697 33.287 12.697 45.975-.008l73.247-73.287 41.098 41.057a8.144 8.144 0 0 0 11.502 0l135.479-135.503 40.496 40.48z\"><\/path><\/svg><\/span><span class=\"gb-text\"><strong>Seguimiento del progreso<\/strong><\/span><\/h3>\n\n\n\n<p class=\"gb-headline gb-headline-ed1af437 gb-headline-text\">Seguimiento de tu progreso con sistemas avanzados de evaluaci\u00f3n.<\/p>\n<\/div>\n\n\n\n<div>\n<h3 class=\"gb-text-246ec5c6\"><span class=\"gb-shape\"><svg viewbox=\"0 0 472.7 472.7\" xmlns=\"http:\/\/www.w3.org\/2000\/svg\"><path d=\"M433.5 67c-25.3-25.3-59-39.3-94.8-39.3s-69.6 14-94.9 39.4l-7.3 7.3-7.5-7.5c-25.4-25.4-59.1-39.4-95-39.4-35.8 0-69.4 13.9-94.7 39.3C13.9 92.2 0 125.9 0 161.7s14 69.5 39.4 94.8l182.7 182.7c3.8 3.8 9 6 14.5 6 5.4 0 10.6-2.2 14.5-6l182.2-182.4c25.4-25.4 39.3-59.1 39.4-94.9S458.8 92.4 433.5 67zm-301 50.2c-23.9 0-43.4 19.5-43.4 43.4 0 11-8.9 19.9-19.9 19.9s-19.9-8.9-19.9-19.9c0-45.8 37.3-83.1 83.1-83.1 11 0 19.9 8.9 19.9 19.9.1 11-8.8 19.8-19.8 19.8z\"><\/path><\/svg><\/span><span class=\"gb-text\"><strong>Equipamiento de cardio<\/strong><\/span><\/h3>\n\n\n\n<p class=\"gb-text gb-text-f4ef8368\">Maquinaria de \u00faltima generaci\u00f3n para optimizar su resistencia.<\/p>\n<\/div>\n\n\n\n<div>\n<h3 class=\"gb-text-c8fb5c2d\"><span class=\"gb-shape\"><svg viewbox=\"0 0 512 512\" xmlns=\"http:\/\/www.w3.org\/2000\/svg\"><path d=\"M315.733 221.867H196.267a8.536 8.536 0 0 0-8.533 8.533 8.536 8.536 0 0 0 8.533 8.533h119.467a8.53 8.53 0 0 0 8.533-8.533 8.531 8.531 0 0 0-8.534-8.533zM486.4 136.533h-17.067c-3.371 0-6.579.691-9.515 1.877-2.961-10.88-12.817-18.944-24.619-18.944h-17.067c-3.371 0-6.579.691-9.515 1.877C405.658 110.464 395.802 102.4 384 102.4h-17.067c-14.114 0-25.6 11.486-25.6 25.6v256c0 14.114 11.486 25.6 25.6 25.6H384c11.802 0 21.658-8.064 24.619-18.944 2.935 1.186 6.144 1.877 9.515 1.877H435.2c14.114 0 25.6-11.486 25.6-25.6v-10.112c2.679.964 5.521 1.579 8.533 1.579H486.4c14.114 0 25.6-11.486 25.6-25.6V162.133c0-14.114-11.486-25.6-25.6-25.6zm-93.867 8.534V384c0 4.702-3.823 8.533-8.533 8.533h-17.067c-4.71 0-8.533-3.831-8.533-8.533V128c0-4.702 3.823-8.533 8.533-8.533H384c4.71 0 8.533 3.831 8.533 8.533v17.067zm51.2 17.066v204.8c0 4.702-3.823 8.533-8.533 8.533h-17.067c-4.71 0-8.533-3.831-8.533-8.533V145.067c0-4.702 3.823-8.533 8.533-8.533H435.2c4.71 0 8.533 3.831 8.533 8.533v17.066zm51.2 170.667c0 4.702-3.823 8.533-8.533 8.533h-17.067c-4.71 0-8.533-3.831-8.533-8.533V162.133c0-4.702 3.823-8.533 8.533-8.533H486.4c4.71 0 8.533 3.831 8.533 8.533V332.8zM145.067 102.4H128c-11.802 0-21.666 8.064-24.61 18.944-2.953-1.186-6.153-1.877-9.523-1.877H76.8c-14.114 0-25.6 11.486-25.6 25.6v10.103c-2.68-.956-5.521-1.57-8.533-1.57H25.6C11.486 153.6 0 165.086 0 179.2v170.667c0 14.114 11.486 25.6 25.6 25.6h17.067c3.371 0 6.571-.691 9.523-1.877 2.944 10.88 12.809 18.944 24.61 18.944h17.067c3.371 0 6.571-.691 9.523-1.877 2.944 10.88 12.809 18.944 24.61 18.944h17.067c14.114 0 25.6-11.486 25.6-25.6V128c0-14.114-11.486-25.6-25.6-25.6zM51.2 349.867c0 4.702-3.831 8.533-8.533 8.533H25.6c-4.702 0-8.533-3.831-8.533-8.533V179.2c0-4.702 3.831-8.533 8.533-8.533h17.067c4.702 0 8.533 3.831 8.533 8.533v170.667zm51.2 17.066c0 4.702-3.831 8.533-8.533 8.533H76.8c-4.702 0-8.533-3.831-8.533-8.533V145.067c0-4.702 3.831-8.533 8.533-8.533h17.067c4.702 0 8.533 3.831 8.533 8.533v221.866zM153.6 384c0 4.702-3.831 8.533-8.533 8.533H128c-4.702 0-8.533-3.831-8.533-8.533V128c0-4.702 3.831-8.533 8.533-8.533h17.067c4.702 0 8.533 3.831 8.533 8.533v256zM315.733 273.067H196.267a8.536 8.536 0 0 0-8.533 8.533 8.536 8.536 0 0 0 8.533 8.533h119.467a8.53 8.53 0 0 0 8.533-8.533 8.531 8.531 0 0 0-8.534-8.533z\"><\/path><\/svg><\/span><span class=\"gb-text\"><strong>Maquinaria de pesas<\/strong><\/span><\/h3>\n\n\n\n<p class=\"gb-text gb-text-51616b8c\">Aparatos de fuerza para tonificar y desarrollar m\u00fasculo.<\/p>\n<\/div>\n\n\n\n<div>\n<h3 class=\"gb-text-f858d10a\"><span class=\"gb-shape\"><svg viewbox=\"0 0 256 190\" xmlns=\"http:\/\/www.w3.org\/2000\/svg\"><path d=\"M48.12 27.903C48.12 13.564 59.592 2 74.023 2c14.339 0 25.903 11.564 25.903 25.903-.092 14.432-11.656 25.903-25.903 25.903-14.339 0-25.903-11.564-25.903-25.903zM191 139h-47V97c0-20.461-17.881-37-38-37H43C20.912 60 1.99 79.14 2 98v77c-.026 8.533 6.001 12.989 12 13 6.014.011 12-4.445 12-13v-75h8v88h78v-88h8l.081 50.37c-.053 8.729 5.342 12.446 10.919 12.63h60c16.363 0 16.363-24 0-24zm63-59.239c0 26.94-21.918 48.858-48.858 48.858s-48.858-21.918-48.858-48.858c0-25.024 18.912-45.711 43.193-48.528v-6.184h-6.755V13.34h25.667v11.708h-7.205v6.228a48.46 48.46 0 0 1 15.319 4.55l4.113-6.524 9.904 6.243-4.186 6.639C247.121 51.154 254 64.669 254 79.761zm-11.699 0c0-20.489-16.669-37.159-37.159-37.159s-37.159 16.669-37.159 37.159 16.669 37.159 37.159 37.159 37.159-16.67 37.159-37.159zm-36.97-30.396v30.17h30.17c-.179-16.605-13.542-30.091-30.17-30.17z\"><\/path><\/svg><\/span><span class=\"gb-text\"><strong>Entrenador personal<\/strong><\/span><\/h3>\n\n\n\n<p class=\"gb-text gb-text-65a88712\">Entrenadores personales que te ayuden a conseguir resultados reales.<\/p>\n<\/div>\n<\/div>\n<\/div>\n<\/section>\n\n\n\n<section class=\"gb-element-3bb251db\">\n<div class=\"gb-element-6e6f2c68\">\n<div class=\"gb-element-0f2c6e61\">\n<h2 class=\"gb-text gb-text-f47aeb53\">946<\/h2>\n\n\n\n<p class=\"gb-text gb-text-690731c7\">Equipamientos<\/p>\n<\/div>\n\n\n\n<div class=\"gb-element-534489be\">\n<h2 class=\"gb-text gb-text-14d931e5\">14<\/h2>\n\n\n\n<p class=\"gb-text gb-text-966c0045\">Entrenadores<\/p>\n<\/div>\n\n\n\n<div class=\"gb-element-aa6c5d11\">\n<h2 class=\"gb-text gb-text-1a15a3eb\">354<\/h2>\n\n\n\n<p class=\"gb-text gb-text-890240f5\">Miembros<\/p>\n<\/div>\n\n\n\n<div class=\"gb-element-62ae0eb2\">\n<h2 class=\"gb-text gb-text-0851d407\">99.8%<\/h2>\n\n\n\n<p class=\"gb-text gb-text-e044c550\">Clientes satisfechos<\/p>\n<\/div>\n<\/div>\n<\/section>\n\n\n\n<section class=\"gb-element-01769149\">\n<div class=\"gb-element-dad4436d\">\n<h3 class=\"gb-text gb-text-28aa728f\">Reestructura tu cuerpo<\/h3>\n<\/div>\n\n\n\n<div class=\"gb-element-ee8dd522\"><\/div>\n<\/section>","protected":false},"excerpt":{"rendered":"<p>Tu estudio de fitness Reestructura tu cuerpo Si te inscribes ahora, no pagas matr\u00edcula: 4 meses por 195 \u20ac, el mes de febrero gratuito y \u2026 <a title=\"Hombre\" class=\"read-more\" href=\"https:\/\/dariogym.es\/es\/\" aria-label=\"Leer m\u00e1s sobre Home\">Leer m\u00e1s<\/a><\/p>","protected":false},"author":1,"featured_media":0,"parent":0,"menu_order":0,"comment_status":"closed","ping_status":"closed","template":"","meta":{"footnotes":""},"class_list":["post-2","page","type-page","status-publish"],"_links":{"self":[{"href":"https:\/\/dariogym.es\/es\/wp-json\/wp\/v2\/pages\/2","targetHints":{"allow":["GET"]}}],"collection":[{"href":"https:\/\/dariogym.es\/es\/wp-json\/wp\/v2\/pages"}],"about":[{"href":"https:\/\/dariogym.es\/es\/wp-json\/wp\/v2\/types\/page"}],"author":[{"embeddable":true,"href":"https:\/\/dariogym.es\/es\/wp-json\/wp\/v2\/users\/1"}],"replies":[{"embeddable":true,"href":"https:\/\/dariogym.es\/es\/wp-json\/wp\/v2\/comments?post=2"}],"version-history":[{"count":38,"href":"https:\/\/dariogym.es\/es\/wp-json\/wp\/v2\/pages\/2\/revisions"}],"predecessor-version":[{"id":1242,"href":"https:\/\/dariogym.es\/es\/wp-json\/wp\/v2\/pages\/2\/revisions\/1242"}],"wp:attachment":[{"href":"https:\/\/dariogym.es\/es\/wp-json\/wp\/v2\/media?parent=2"}],"curies":[{"name":"wp","href":"https:\/\/api.w.org\/{rel}","templated":true}]}}